{"id":477,"date":"2024-05-31T16:09:37","date_gmt":"2024-05-31T16:09:37","guid":{"rendered":"https:\/\/grabowska-radcaprawny.pl\/new\/?page_id=477"},"modified":"2026-02-12T10:45:45","modified_gmt":"2026-02-12T09:45:45","slug":"kancelaria-radcy-prawnego-w-ciechanowie","status":"publish","type":"page","link":"https:\/\/grabowska-radcaprawny.pl\/new\/kancelaria-radcy-prawnego-w-ciechanowie\/","title":{"rendered":"Kancelaria"},"content":{"rendered":"\n<p class=\"has-custom-greene-color has-text-color has-link-color has-inter-font-family wp-elements-4c209ad4f8a0730383689aebbedcf62b\">Kancelaria radcowska, radcy prawnego &#8211; <strong>Ewy Grabowskiej<\/strong> to kancelaria\u00a0indywidualna \u015bwiadcz\u0105ca wszechstronn\u0105 pomoc prawn\u0105 na rzecz os\u00f3b fizycznych\u00a0i podmiot\u00f3w gospodarczych zar\u00f3wno w post\u0119powaniu s\u0105dowym, egzekucyjnym i\u00a0administracyjnym z zachowaniem najwy\u017cszych standard\u00f3w merytorycznych oraz\u00a0etycznych.<\/p>\n\n\n\n<div style=\"height:50px\" aria-hidden=\"true\" class=\"wp-block-spacer\"><\/div>\n\n\n\n<p class=\"has-custom-greene-color has-text-color has-link-color has-inter-font-family wp-elements-e7e1806382c34b2b8ca92f917c7e4ce5\">Kancelaria \u015bwiadczy tak\u017ce us\u0142ugi prawne osobom zamieszkuj\u0105cym na sta\u0142e za&nbsp;granic\u0105, kt\u00f3re potrzebuj\u0105 fachowej pomocy w prowadzeniu spraw &nbsp; przed polskimi&nbsp;s\u0105dami.<\/p>\n\n\n\n<p><\/p>\n\n\n\n<div style=\"height:50px\" aria-hidden=\"true\" class=\"wp-block-spacer\"><\/div>\n\n\n\n<p class=\"has-custom-greene-color has-text-color has-link-color has-inter-font-family wp-elements-448279f24ba915a79d8605416af77e84\">Kancelaria radcowska jest dynamicznie rozwijaj\u0105c\u0105 si\u0119 niezale\u017cn\u0105 firm\u0105 prawnicz\u0105,\u00a0kt\u00f3rej siedziba znajduje si\u0119 w <strong>Ciechanowie<\/strong> a obszar us\u0142ug rozci\u0105ga si\u0119 na okoliczne\u00a0miejscowo\u015bci Wojew\u00f3dztwa Mazowieckiego i nie tylko.<\/p>\n\n\n\n<p><\/p>\n\n\n\n<div style=\"height:50px\" aria-hidden=\"true\" class=\"wp-block-spacer\"><\/div>\n\n\n\n<blockquote class=\"wp-block-quote is-layout-flow wp-block-quote-is-layout-flow\">\n<p class=\"has-custom-greene-color has-text-color has-link-color has-inter-font-family has-medium-font-size wp-elements-c267f6d5e8226173191e5dfd5d8f4439\"><strong>Celem kancelarii radcowskiej jest zapewnienie Pa\u0144stwu szybkiej i skutecznej pomocy\u00a0prawnej na najwy\u017cszym poziomie.<\/strong><\/p>\n<\/blockquote>\n\n\n\n<div style=\"height:50px\" aria-hidden=\"true\" class=\"wp-block-spacer\"><\/div>\n\n\n\n<p><\/p>\n\n\n\n<p class=\"has-custom-greene-color has-text-color has-link-color has-inter-font-family wp-elements-1c526e5ca0d262cc0ebd2515ecfb52eb\">Serdecznie Pa\u0144stwa zapraszam do wsp\u00f3\u0142pracy i zapoznania si\u0119 z <a href=\"https:\/\/grabowska-radcaprawny.pl\/new\/zakres-uslug\/\" data-type=\"page\" data-id=\"479\">zakresem\u00a0\u015bwiadczonych us\u0142ug<\/a>.<\/p>\n","protected":false},"excerpt":{"rendered":"<p>Kancelaria radcowska, radcy prawnego &#8211; Ewy Grabowskiej to kancelaria\u00a0indywidualna \u015bwiadcz\u0105ca wszechstronn\u0105 pomoc prawn\u0105 na rzecz os\u00f3b fizycznych\u00a0i podmiot\u00f3w gospodarczych zar\u00f3wno w post\u0119powaniu s\u0105dowym, egzekucyjnym i\u00a0administracyjnym z zachowaniem najwy\u017cszych standard\u00f3w merytorycznych oraz\u00a0etycznych. Kancelaria \u015bwiadczy tak\u017ce us\u0142ugi prawne osobom zamieszkuj\u0105cym na sta\u0142e za&nbsp;granic\u0105, kt\u00f3re potrzebuj\u0105 fachowej pomocy w prowadzeniu spraw &nbsp; przed polskimi&nbsp;s\u0105dami. Kancelaria radcowska jest dynamicznie [&hellip;]<\/p>\n","protected":false},"author":1,"featured_media":721,"parent":0,"menu_order":0,"comment_status":"closed","ping_status":"closed","template":"","meta":{"footnotes":""},"class_list":["post-477","page","type-page","status-publish","has-post-thumbnail","hentry"],"jetpack_sharing_enabled":true,"_links":{"self":[{"href":"https:\/\/grabowska-radcaprawny.pl\/new\/wp-json\/wp\/v2\/pages\/477","targetHints":{"allow":["GET"]}}],"collection":[{"href":"https:\/\/grabowska-radcaprawny.pl\/new\/wp-json\/wp\/v2\/pages"}],"about":[{"href":"https:\/\/grabowska-radcaprawny.pl\/new\/wp-json\/wp\/v2\/types\/page"}],"author":[{"embeddable":true,"href":"https:\/\/grabowska-radcaprawny.pl\/new\/wp-json\/wp\/v2\/users\/1"}],"replies":[{"embeddable":true,"href":"https:\/\/grabowska-radcaprawny.pl\/new\/wp-json\/wp\/v2\/comments?post=477"}],"version-history":[{"count":8,"href":"https:\/\/grabowska-radcaprawny.pl\/new\/wp-json\/wp\/v2\/pages\/477\/revisions"}],"predecessor-version":[{"id":720,"href":"https:\/\/grabowska-radcaprawny.pl\/new\/wp-json\/wp\/v2\/pages\/477\/revisions\/720"}],"wp:featuredmedia":[{"embeddable":true,"href":"https:\/\/grabowska-radcaprawny.pl\/new\/wp-json\/wp\/v2\/media\/721"}],"wp:attachment":[{"href":"https:\/\/grabowska-radcaprawny.pl\/new\/wp-json\/wp\/v2\/media?parent=477"}],"curies":[{"name":"wp","href":"https:\/\/api.w.org\/{rel}","templated":true}]}}