{"id":479,"date":"2024-05-31T16:09:58","date_gmt":"2024-05-31T16:09:58","guid":{"rendered":"https:\/\/grabowska-radcaprawny.pl\/new\/?page_id=479"},"modified":"2024-06-17T18:09:00","modified_gmt":"2024-06-17T16:09:00","slug":"zakres-uslug","status":"publish","type":"page","link":"https:\/\/grabowska-radcaprawny.pl\/new\/zakres-uslug\/","title":{"rendered":"Zakres us\u0142ug"},"content":{"rendered":"\n<p class=\"has-inter-font-family\">Kancelaria s\u0142u\u017cy kompleksow\u0105 pomoc\u0105 prawn\u0105 zar\u00f3wno osobom fizycznym jaki podmiotom uczestnicz\u0105cym w obrocie gospodarczym, w tym sp\u00f3\u0142kom prawa handlowego i osobom prowadz\u0105cym jednoosobowe przedsi\u0119biorstwo. Pomoc\u00a0prawn\u0105 otrzymaj\u0105 r\u00f3wnie\u017c osoby kt\u00f3re dopiero zamierzaj\u0105 rozpocz\u0105\u0107 dzia\u0142alno\u015b\u0107.\u00a0<\/p>\n\n\n\n<div style=\"height:100px\" aria-hidden=\"true\" class=\"wp-block-spacer\"><\/div>\n\n\n\n<h4 class=\"wp-block-heading has-quaternary-color has-text-color has-link-color has-inter-font-family wp-elements-3ef011e5b7385c61e4d4426f82e31f97\">W ramach obs\u0142ugi prawnej podmiot\u00f3w gospodarczych zapewniam:<\/h4>\n\n\n\n<ul class=\"wp-block-list\">\n<li class=\"has-inter-font-family\">udzielanie porad prawnych i konsultacji<\/li>\n\n\n\n<li class=\"has-inter-font-family\">sporz\u0105dzanie opinii prawnych<\/li>\n\n\n\n<li class=\"has-inter-font-family\">opracowywanie i weryfikacja um\u00f3w, pism, regulamin\u00f3w,<\/li>\n\n\n\n<li class=\"has-inter-font-family\">reprezentacja klient\u00f3w przed wszystkimi urz\u0119dami i s\u0105dami, w tym&nbsp;<\/li>\n\n\n\n<li class=\"has-inter-font-family\">przed S\u0105dem Najwy\u017cszym i Naczelnym S\u0105dem Administracyjnym<\/li>\n\n\n\n<li class=\"has-inter-font-family\">windykacja nale\u017cno\u015bci<\/li>\n\n\n\n<li class=\"has-inter-font-family\">rejestracja sp\u00f3\u0142ek prawa handlowego, przygotowywanie dokument\u00f3w z&nbsp;tym zwi\u0105zanych<\/li>\n\n\n\n<li class=\"has-inter-font-family\">sporz\u0105dzanie projekt\u00f3w uchwa\u0142, um\u00f3w sp\u00f3\u0142ek oraz zmian do umowy i&nbsp;ich rejestracja w Krajowym Rejestrze S\u0105dowym<\/li>\n\n\n\n<li class=\"has-inter-font-family\">zaskar\u017canie uchwa\u0142 organ\u00f3w sp\u00f3\u0142ek, wsp\u00f3lnot mieszkaniowych,&nbsp;sp\u00f3\u0142dzielni<\/li>\n<\/ul>\n\n\n\n<div style=\"height:100px\" aria-hidden=\"true\" class=\"wp-block-spacer\"><\/div>\n\n\n\n<p class=\"has-inter-font-family\">W sprawach indywidualnych, osobom fizycznym proponuj\u0119 pomoc prawn\u0105 polegaj\u0105c\u0105&nbsp;na udzielaniu porad prawnych i konsultacji oraz sporz\u0105dzaniu pism jak i reprezentacji&nbsp;w post\u0119powaniach przed s\u0105dami i organami pa\u0144stwowymi w zakresie:<\/p>\n\n\n\n<div style=\"height:100px\" aria-hidden=\"true\" class=\"wp-block-spacer\"><\/div>\n\n\n\n<div class=\"wp-block-group alignwide is-layout-flow wp-block-group-is-layout-flow\">\n<div class=\"wp-block-query is-layout-flow wp-block-query-is-layout-flow\"><ul class=\"has-link-color wp-elements-b2565d9d7890566ecd3480368ea0bc7b wp-block-post-template has-text-color has-background-color is-layout-flow wp-container-core-post-template-is-layout-8a1693ae wp-block-post-template-is-layout-flow\"><li class=\"wp-block-post post-87 post type-post status-publish format-standard has-post-thumbnail hentry category-zakres-uslug tag-procesy tag-sadowe\">\n\n<div class=\"wp-block-group has-custom-greene-background-color has-background has-small-font-size is-vertical is-content-justification-left is-layout-flex wp-container-core-group-is-layout-bd5b8338 wp-block-group-is-layout-flex wp-elements-b2565d9d7890566ecd3480368ea0bc7b\" style=\"border-style:none;border-width:0px;border-radius:2px;min-height:100%;margin-bottom:var(--wp--preset--spacing--xx-small);padding-top:var(--wp--preset--spacing--large);padding-right:var(--wp--preset--spacing--large);padding-bottom:var(--wp--preset--spacing--large);padding-left:var(--wp--preset--spacing--large);line-height:0\">\n<div class=\"wp-block-group is-vertical is-layout-flex wp-container-core-group-is-layout-fe9cc265 wp-block-group-is-layout-flex\"><h2 style=\"font-style:normal;font-weight:300; margin-top:var(--wp--preset--spacing--xx-small);\" class=\"has-link-color wp-elements-e30c433c854310ba96ea8742432a402d wp-block-post-title has-text-color has-quaternary-color has-base-font-size has-figtree-font-family\">Procesy s\u0105dowe\u00a0<\/h2><\/div>\n<\/div>\n\n<\/li><li class=\"wp-block-post post-85 post type-post status-publish format-standard hentry category-zakres-uslug tag-firma tag-spolki\">\n\n<div class=\"wp-block-group has-custom-greene-background-color has-background has-small-font-size is-vertical is-content-justification-left is-layout-flex wp-container-core-group-is-layout-bd5b8338 wp-block-group-is-layout-flex wp-elements-b2565d9d7890566ecd3480368ea0bc7b\" style=\"border-style:none;border-width:0px;border-radius:2px;min-height:100%;margin-bottom:var(--wp--preset--spacing--xx-small);padding-top:var(--wp--preset--spacing--large);padding-right:var(--wp--preset--spacing--large);padding-bottom:var(--wp--preset--spacing--large);padding-left:var(--wp--preset--spacing--large);line-height:0\">\n<div class=\"wp-block-group is-vertical is-layout-flex wp-container-core-group-is-layout-fe9cc265 wp-block-group-is-layout-flex\"><h2 style=\"font-style:normal;font-weight:300; margin-top:var(--wp--preset--spacing--xx-small);\" class=\"has-link-color wp-elements-e30c433c854310ba96ea8742432a402d wp-block-post-title has-text-color has-quaternary-color has-base-font-size has-figtree-font-family\">Obs\u0142uga przedsi\u0119biorstw w tym sp\u00f3\u0142ek<\/h2><\/div>\n<\/div>\n\n<\/li><li class=\"wp-block-post post-83 post type-post status-publish format-standard hentry category-zakres-uslug\">\n\n<div class=\"wp-block-group has-custom-greene-background-color has-background has-small-font-size is-vertical is-content-justification-left is-layout-flex wp-container-core-group-is-layout-bd5b8338 wp-block-group-is-layout-flex wp-elements-b2565d9d7890566ecd3480368ea0bc7b\" style=\"border-style:none;border-width:0px;border-radius:2px;min-height:100%;margin-bottom:var(--wp--preset--spacing--xx-small);padding-top:var(--wp--preset--spacing--large);padding-right:var(--wp--preset--spacing--large);padding-bottom:var(--wp--preset--spacing--large);padding-left:var(--wp--preset--spacing--large);line-height:0\">\n<div class=\"wp-block-group is-vertical is-layout-flex wp-container-core-group-is-layout-fe9cc265 wp-block-group-is-layout-flex\"><h2 style=\"font-style:normal;font-weight:300; margin-top:var(--wp--preset--spacing--xx-small);\" class=\"has-link-color wp-elements-e30c433c854310ba96ea8742432a402d wp-block-post-title has-text-color has-quaternary-color has-base-font-size has-figtree-font-family\">Sprawy maj\u0105tkowe i rozwodowe<\/h2><\/div>\n<\/div>\n\n<\/li><li class=\"wp-block-post post-81 post type-post status-publish format-standard hentry category-zakres-uslug\">\n\n<div class=\"wp-block-group has-custom-greene-background-color has-background has-small-font-size is-vertical is-content-justification-left is-layout-flex wp-container-core-group-is-layout-bd5b8338 wp-block-group-is-layout-flex wp-elements-b2565d9d7890566ecd3480368ea0bc7b\" style=\"border-style:none;border-width:0px;border-radius:2px;min-height:100%;margin-bottom:var(--wp--preset--spacing--xx-small);padding-top:var(--wp--preset--spacing--large);padding-right:var(--wp--preset--spacing--large);padding-bottom:var(--wp--preset--spacing--large);padding-left:var(--wp--preset--spacing--large);line-height:0\">\n<div class=\"wp-block-group is-vertical is-layout-flex wp-container-core-group-is-layout-fe9cc265 wp-block-group-is-layout-flex\"><h2 style=\"font-style:normal;font-weight:300; margin-top:var(--wp--preset--spacing--xx-small);\" class=\"has-link-color wp-elements-e30c433c854310ba96ea8742432a402d wp-block-post-title has-text-color has-quaternary-color has-base-font-size has-figtree-font-family\">Prawo rodzinne i cywilne<\/h2><\/div>\n<\/div>\n\n<\/li><li class=\"wp-block-post post-79 post type-post status-publish format-standard hentry category-zakres-uslug tag-windykacja\">\n\n<div class=\"wp-block-group has-custom-greene-background-color has-background has-small-font-size is-vertical is-content-justification-left is-layout-flex wp-container-core-group-is-layout-bd5b8338 wp-block-group-is-layout-flex wp-elements-b2565d9d7890566ecd3480368ea0bc7b\" style=\"border-style:none;border-width:0px;border-radius:2px;min-height:100%;margin-bottom:var(--wp--preset--spacing--xx-small);padding-top:var(--wp--preset--spacing--large);padding-right:var(--wp--preset--spacing--large);padding-bottom:var(--wp--preset--spacing--large);padding-left:var(--wp--preset--spacing--large);line-height:0\">\n<div class=\"wp-block-group is-vertical is-layout-flex wp-container-core-group-is-layout-fe9cc265 wp-block-group-is-layout-flex\"><h2 style=\"font-style:normal;font-weight:300; margin-top:var(--wp--preset--spacing--xx-small);\" class=\"has-link-color wp-elements-e30c433c854310ba96ea8742432a402d wp-block-post-title has-text-color has-quaternary-color has-base-font-size has-figtree-font-family\">Windykacja wierzytelno\u015bci<\/h2><\/div>\n<\/div>\n\n<\/li><li class=\"wp-block-post post-77 post type-post status-publish format-standard hentry category-zakres-uslug tag-administracyjne tag-prawo\">\n\n<div class=\"wp-block-group has-custom-greene-background-color has-background has-small-font-size is-vertical is-content-justification-left is-layout-flex wp-container-core-group-is-layout-bd5b8338 wp-block-group-is-layout-flex wp-elements-b2565d9d7890566ecd3480368ea0bc7b\" style=\"border-style:none;border-width:0px;border-radius:2px;min-height:100%;margin-bottom:var(--wp--preset--spacing--xx-small);padding-top:var(--wp--preset--spacing--large);padding-right:var(--wp--preset--spacing--large);padding-bottom:var(--wp--preset--spacing--large);padding-left:var(--wp--preset--spacing--large);line-height:0\">\n<div class=\"wp-block-group is-vertical is-layout-flex wp-container-core-group-is-layout-fe9cc265 wp-block-group-is-layout-flex\"><h2 style=\"font-style:normal;font-weight:300; margin-top:var(--wp--preset--spacing--xx-small);\" class=\"has-link-color wp-elements-e30c433c854310ba96ea8742432a402d wp-block-post-title has-text-color has-quaternary-color has-base-font-size has-figtree-font-family\">Prawo administracyjne<\/h2><\/div>\n<\/div>\n\n<\/li><\/ul><\/div>\n<\/div>\n","protected":false},"excerpt":{"rendered":"<p>Kancelaria s\u0142u\u017cy kompleksow\u0105 pomoc\u0105 prawn\u0105 zar\u00f3wno osobom fizycznym jaki podmiotom uczestnicz\u0105cym w obrocie gospodarczym, w tym sp\u00f3\u0142kom prawa handlowego i osobom prowadz\u0105cym jednoosobowe przedsi\u0119biorstwo. Pomoc\u00a0prawn\u0105 otrzymaj\u0105 r\u00f3wnie\u017c osoby kt\u00f3re dopiero zamierzaj\u0105 rozpocz\u0105\u0107 dzia\u0142alno\u015b\u0107.\u00a0 W ramach obs\u0142ugi prawnej podmiot\u00f3w gospodarczych zapewniam: W sprawach indywidualnych, osobom fizycznym proponuj\u0119 pomoc prawn\u0105 polegaj\u0105c\u0105&nbsp;na udzielaniu porad prawnych i konsultacji oraz [&hellip;]<\/p>\n","protected":false},"author":1,"featured_media":0,"parent":0,"menu_order":0,"comment_status":"closed","ping_status":"closed","template":"","meta":{"footnotes":""},"class_list":["post-479","page","type-page","status-publish","hentry"],"jetpack_sharing_enabled":true,"_links":{"self":[{"href":"https:\/\/grabowska-radcaprawny.pl\/new\/wp-json\/wp\/v2\/pages\/479","targetHints":{"allow":["GET"]}}],"collection":[{"href":"https:\/\/grabowska-radcaprawny.pl\/new\/wp-json\/wp\/v2\/pages"}],"about":[{"href":"https:\/\/grabowska-radcaprawny.pl\/new\/wp-json\/wp\/v2\/types\/page"}],"author":[{"embeddable":true,"href":"https:\/\/grabowska-radcaprawny.pl\/new\/wp-json\/wp\/v2\/users\/1"}],"replies":[{"embeddable":true,"href":"https:\/\/grabowska-radcaprawny.pl\/new\/wp-json\/wp\/v2\/comments?post=479"}],"version-history":[{"count":6,"href":"https:\/\/grabowska-radcaprawny.pl\/new\/wp-json\/wp\/v2\/pages\/479\/revisions"}],"predecessor-version":[{"id":668,"href":"https:\/\/grabowska-radcaprawny.pl\/new\/wp-json\/wp\/v2\/pages\/479\/revisions\/668"}],"wp:attachment":[{"href":"https:\/\/grabowska-radcaprawny.pl\/new\/wp-json\/wp\/v2\/media?parent=479"}],"curies":[{"name":"wp","href":"https:\/\/api.w.org\/{rel}","templated":true}]}}