{"id":481,"date":"2024-05-31T16:10:10","date_gmt":"2024-05-31T16:10:10","guid":{"rendered":"https:\/\/grabowska-radcaprawny.pl\/new\/?page_id=481"},"modified":"2026-02-20T10:36:39","modified_gmt":"2026-02-20T09:36:39","slug":"skontaktuj-sie-z-nami","status":"publish","type":"page","link":"https:\/\/grabowska-radcaprawny.pl\/new\/skontaktuj-sie-z-nami\/","title":{"rendered":"Kontakt"},"content":{"rendered":"\n<div class=\"wp-block-columns is-layout-flex wp-container-core-columns-is-layout-37dbaa11 wp-block-columns-is-layout-flex\" style=\"margin-top:var(--wp--preset--spacing--x-large);margin-bottom:var(--wp--preset--spacing--x-large)\">\n<div class=\"wp-block-column has-global-padding is-layout-constrained wp-block-column-is-layout-constrained\" style=\"flex-basis:40%\">\n<p class=\"has-inter-font-family\">Szanuj\u0105c Pa\u0144stwa cenny czas i pragn\u0105c zapewni\u0107 najwy\u017cszy standard us\u0142ugi, uprzejmie&nbsp;prosz\u0119 o uzgodnienie terminu planowanej wizyty telefonicznie lub przes\u0142anie zapytania&nbsp;poczt\u0105 elektroniczn\u0105.<\/p>\n\n\n\n<p class=\"has-inter-font-family\">Kancelaria Radcy Prawnego &#8211; Ewy Grabowskiej czynna od poniedzia\u0142ku do pi\u0105tku w godzinach od <strong>9:00<\/strong> do <strong>17:00<\/strong>.<\/p>\n\n\n\n<p>Dodatkowe informacje:<\/p>\n\n\n\n<p>NIP: 5661887557<\/p>\n\n\n\n<p>Regon: 147060206&nbsp;<\/p>\n\n\n\n<p>Nr konta bankowego: 11 1020 1592 0000 2602 0227 3845<\/p>\n<\/div>\n\n\n\n<div class=\"wp-block-column has-global-padding is-layout-constrained wp-block-column-is-layout-constrained\" style=\"flex-basis:60%\"><div class=\"wp-block-jetpack-contact-form is-style-outlined wp-elements-30bd6652bd19162980d9d8a4996b85ca\"><a href=\"https:\/\/grabowska-radcaprawny.pl\/new\/skontaktuj-sie-z-nami\/\" target=\"_blank\" rel=\"noopener noreferrer\">Prze\u015blij formularz.<\/a><\/div><\/div>\n<\/div>\n","protected":false},"excerpt":{"rendered":"<p>Szanuj\u0105c Pa\u0144stwa cenny czas i pragn\u0105c zapewni\u0107 najwy\u017cszy standard us\u0142ugi, uprzejmie&nbsp;prosz\u0119 o uzgodnienie terminu planowanej wizyty telefonicznie lub przes\u0142anie zapytania&nbsp;poczt\u0105 elektroniczn\u0105. Kancelaria Radcy Prawnego &#8211; Ewy Grabowskiej czynna od poniedzia\u0142ku do pi\u0105tku w godzinach od 9:00 do 17:00. Dodatkowe informacje: NIP: 5661887557 Regon: 147060206&nbsp; Nr konta bankowego: 11 1020 1592 0000 2602 0227 3845<\/p>\n","protected":false},"author":1,"featured_media":0,"parent":0,"menu_order":0,"comment_status":"closed","ping_status":"closed","template":"","meta":{"footnotes":""},"class_list":["post-481","page","type-page","status-publish","hentry"],"jetpack_sharing_enabled":true,"_links":{"self":[{"href":"https:\/\/grabowska-radcaprawny.pl\/new\/wp-json\/wp\/v2\/pages\/481","targetHints":{"allow":["GET"]}}],"collection":[{"href":"https:\/\/grabowska-radcaprawny.pl\/new\/wp-json\/wp\/v2\/pages"}],"about":[{"href":"https:\/\/grabowska-radcaprawny.pl\/new\/wp-json\/wp\/v2\/types\/page"}],"author":[{"embeddable":true,"href":"https:\/\/grabowska-radcaprawny.pl\/new\/wp-json\/wp\/v2\/users\/1"}],"replies":[{"embeddable":true,"href":"https:\/\/grabowska-radcaprawny.pl\/new\/wp-json\/wp\/v2\/comments?post=481"}],"version-history":[{"count":22,"href":"https:\/\/grabowska-radcaprawny.pl\/new\/wp-json\/wp\/v2\/pages\/481\/revisions"}],"predecessor-version":[{"id":797,"href":"https:\/\/grabowska-radcaprawny.pl\/new\/wp-json\/wp\/v2\/pages\/481\/revisions\/797"}],"wp:attachment":[{"href":"https:\/\/grabowska-radcaprawny.pl\/new\/wp-json\/wp\/v2\/media?parent=481"}],"curies":[{"name":"wp","href":"https:\/\/api.w.org\/{rel}","templated":true}]}}